{"id":158,"date":"2015-02-04T21:06:10","date_gmt":"2015-02-04T20:06:10","guid":{"rendered":"http:\/\/espace-milieux.fr\/?page_id=158"},"modified":"2025-04-25T08:11:44","modified_gmt":"2025-04-25T07:11:44","slug":"formation-continue-2","status":"publish","type":"page","link":"https:\/\/espace-milieux.fr\/?page_id=158","title":{"rendered":"Alternance et Formation continue"},"content":{"rendered":"<ul class=\"wp-block-page-list\"><li class=\"wp-block-pages-list__item has-child\"><a class=\"wp-block-pages-list__item__link\" href=\"https:\/\/espace-milieux.fr\/?page_id=149\">Le cursus<\/a><ul class=\"wp-block-navigation__submenu-container\"><li class=\"wp-block-pages-list__item \"><a class=\"wp-block-pages-list__item__link\" href=\"https:\/\/espace-milieux.fr\/?page_id=1018\">Programme des deux M1<\/a><\/li><li class=\"wp-block-pages-list__item \"><a class=\"wp-block-pages-list__item__link\" href=\"https:\/\/espace-milieux.fr\/?page_id=154\">Programme du master 2<\/a><\/li><li class=\"wp-block-pages-list__item \"><a class=\"wp-block-pages-list__item__link\" href=\"https:\/\/espace-milieux.fr\/?page_id=158\">Alternance et Formation continue<\/a><\/li><\/ul><\/li><li class=\"wp-block-pages-list__item menu-item-home\"><a class=\"wp-block-pages-list__item__link\" href=\"https:\/\/espace-milieux.fr\/\">Master Espace et Milieux : Territoires Ecologiques<\/a><\/li><li class=\"wp-block-pages-list__item\"><a class=\"wp-block-pages-list__item__link\" href=\"https:\/\/espace-milieux.fr\/?page_id=156\">Candidature<\/a><\/li><li class=\"wp-block-pages-list__item\"><a class=\"wp-block-pages-list__item__link\" href=\"https:\/\/espace-milieux.fr\/?page_id=1023\">Insertion<\/a><\/li><li class=\"wp-block-pages-list__item\"><a class=\"wp-block-pages-list__item__link\" href=\"https:\/\/espace-milieux.fr\/?page_id=147\">L&rsquo;\u00e9quipe du master<\/a><\/li><li class=\"wp-block-pages-list__item has-child\"><a class=\"wp-block-pages-list__item__link\" href=\"https:\/\/espace-milieux.fr\/?page_id=74\">Expertises Territoriales<\/a><ul class=\"wp-block-navigation__submenu-container\"><li class=\"wp-block-pages-list__item \"><a class=\"wp-block-pages-list__item__link\" href=\"https:\/\/espace-milieux.fr\/?page_id=89\">Liste des expertises<\/a><\/li><\/ul><\/li><li class=\"wp-block-pages-list__item\"><a class=\"wp-block-pages-list__item__link\" href=\"https:\/\/espace-milieux.fr\/?page_id=125\">Activit\u00e9s scientifiques<\/a><\/li><li class=\"wp-block-pages-list__item\"><a class=\"wp-block-pages-list__item__link\" href=\"https:\/\/espace-milieux.fr\/?page_id=99\">Vie du master en images<\/a><\/li><li class=\"wp-block-pages-list__item\"><a class=\"wp-block-pages-list__item__link\" href=\"https:\/\/espace-milieux.fr\/?page_id=183\">Association E&amp;M<\/a><\/li><\/ul>\n\n<p><strong>LA FORMATION CONTINUE<\/strong> : Le master 2 EMTE accueille r\u00e9guli\u00e8rement quelques \u00e9tudiants en situation de r\u00e9orientation professionnelle.<\/p>\n<p><em><strong>Contacts :<\/strong><\/em><br \/><em>UFR GHES : Nathalia KAPFERER, <\/em><\/p>\n<p><em>T\u00e9l : 01 57 27 58 98<br \/>E-mail : <span class=\"gI\">nathalia.kapferer@u-paris.f<\/span>r<\/em><\/p>\n<p><strong>L&rsquo;ALTERNANCE :<\/strong> Depuis septembre 2020, la 2nd ann\u00e9e du master (Master 2 EMTE) peut \u00eatre suivi en alternance.<\/p>\n<p><em><strong>Attention l&rsquo;inscription pour l&rsquo;alternance ne peut se faire que dans l&rsquo;UFR GHES. Les \u00e9tudiants biologistes peuvent s&rsquo;inscrire. Il est conseill\u00e9 de contacter la direction du master pour faciliter les d\u00e9marches.\u00a0<\/strong><\/em><strong><em>Il est fortement recommand\u00e9 de s&rsquo;inscrire et se manifester d\u00e8s la 1ere ann\u00e9e du master.\u00a0<\/em><\/strong><\/p>\n<p><a href=\"http:\/\/espace-milieux.fr\/wp-content\/uploads\/2020\/04\/Calendrier-ALTERNANCE_M2-EMTE_2020-21.pdf\" target=\"_blank\" rel=\"noopener noreferrer\">A titre indicatif le calendrier d&rsquo;alternance 20\/21 q<\/a>ui est remani\u00e9 chaque ann\u00e9e.<\/p>\n<p><em><strong>Contacts UFR GHES :\u00a0<\/strong><\/em><\/p>\n<p><b>C<\/b><b>\u00e9cile Medonne, Tel 01 57 27 71 87 <\/b><\/p>\n<p><b>Email : <a href=\"mailto:cecile.medonne@u-paris.fr\" target=\"_blank\" rel=\"noopener\">cecile.medonne@u-paris.fr<\/a><\/b><\/p>\n<p>Localisation : 8, place Paul Ricoeur, b\u00e2timent Olympe de Gouges, 4\u00e9me \u00e9tage, bureau 490<\/p>\n<p><em>Nathalia KAPFERER,\u00a0<\/em><em>T\u00e9l : 01 57 27 58 98<br \/>E-mail : <span class=\"gI\">nathalia.kapferer@u-paris.f<\/span>r<strong><br \/><\/strong><\/em><\/p>\n<p>Localisation : 8, place Paul Ricoeur, b\u00e2timent Olympe de Gouges, 4\u00e9me \u00e9tage, bureau 402<\/p>\n<div>\u00a0<\/div>\n<p><strong>\u00a0<\/strong><\/p>","protected":false},"excerpt":{"rendered":"<p>LA FORMATION CONTINUE : Le master 2 EMTE accueille r\u00e9guli\u00e8rement quelques \u00e9tudiants en situation de r\u00e9orientation professionnelle. Contacts :UFR GHES : Nathalia KAPFERER, T\u00e9l : 01 57 27 58 98E-mail : nathalia.kapferer@u-paris.fr L&rsquo;ALTERNANCE : Depuis septembre 2020, la 2nd ann\u00e9e du master (Master 2 EMTE) peut \u00eatre suivi en alternance. Attention l&rsquo;inscription pour l&rsquo;alternance ne &hellip; <a href=\"https:\/\/espace-milieux.fr\/?page_id=158\" class=\"more-link\">Continuer la lecture de <span class=\"screen-reader-text\">Alternance et Formation continue<\/span>  <span class=\"meta-nav\">&rarr;<\/span><\/a><\/p>\n","protected":false},"author":1,"featured_media":0,"parent":149,"menu_order":3,"comment_status":"closed","ping_status":"closed","template":"","meta":{"footnotes":""},"_links":{"self":[{"href":"https:\/\/espace-milieux.fr\/index.php?rest_route=\/wp\/v2\/pages\/158"}],"collection":[{"href":"https:\/\/espace-milieux.fr\/index.php?rest_route=\/wp\/v2\/pages"}],"about":[{"href":"https:\/\/espace-milieux.fr\/index.php?rest_route=\/wp\/v2\/types\/page"}],"author":[{"embeddable":true,"href":"https:\/\/espace-milieux.fr\/index.php?rest_route=\/wp\/v2\/users\/1"}],"replies":[{"embeddable":true,"href":"https:\/\/espace-milieux.fr\/index.php?rest_route=%2Fwp%2Fv2%2Fcomments&post=158"}],"version-history":[{"count":18,"href":"https:\/\/espace-milieux.fr\/index.php?rest_route=\/wp\/v2\/pages\/158\/revisions"}],"predecessor-version":[{"id":1314,"href":"https:\/\/espace-milieux.fr\/index.php?rest_route=\/wp\/v2\/pages\/158\/revisions\/1314"}],"up":[{"embeddable":true,"href":"https:\/\/espace-milieux.fr\/index.php?rest_route=\/wp\/v2\/pages\/149"}],"wp:attachment":[{"href":"https:\/\/espace-milieux.fr\/index.php?rest_route=%2Fwp%2Fv2%2Fmedia&parent=158"}],"curies":[{"name":"wp","href":"https:\/\/api.w.org\/{rel}","templated":true}]}}