{"id":183,"date":"2015-02-04T22:20:44","date_gmt":"2015-02-04T21:20:44","guid":{"rendered":"http:\/\/espace-milieux.fr\/?page_id=183"},"modified":"2023-02-16T20:41:18","modified_gmt":"2023-02-16T19:41:18","slug":"association-em","status":"publish","type":"page","link":"https:\/\/espace-milieux.fr\/?page_id=183","title":{"rendered":"Association E&#038;M"},"content":{"rendered":"<p><b>Association Espace &amp; Milieux : &nbsp; &nbsp; &nbsp; &nbsp; &nbsp; &nbsp; &nbsp; &nbsp; &nbsp; <\/b>N\u00b0 SIREN&nbsp;502&nbsp;271&nbsp;398<\/p>\n<div id=\"i0rqdwby\" class=\"txtNew\" data-packed=\"false\" data-min-height=\"306\">\n<p class=\"font_8\">Cr\u00e9\u00e9e en 1986, en m\u00eame temps que le DESS Espace et Milieux qui deviendra ensuite le Master 2 du m\u00eame nom, l&rsquo;Association Espace et Milieux (loi 1901) est g\u00e9r\u00e9e par les \u00e9tudiants&nbsp; (<a href=\"mailto:asso.espacemilieux@gmail.com\">asso.espacemilieux@gmail.com<\/a>).<\/p>\n<p>Elle poss\u00e8de son propre site: <a href=\"https:\/\/assoespacemilieux.wixsite.com\/monsite\">https:\/\/assoespacemilieux.wixsite.com\/monsite<\/a><\/p>\n<\/div>\n<p><b>L&rsquo;association regroupe les \u00e9tudiants et anciens \u00e9tudiants du cursus dans le \u00ab&nbsp;r\u00e9seau des <\/b><b>e&amp;m<\/b><b>&nbsp;\u00bb et a pour objectifs de :<\/b><\/p>\n<ul>\n<li>la promotion de la formation Espace et Milieux de l\u2019universit\u00e9 de Paris (ex universit\u00e9 Diderot \u2013 Paris 7),<\/li>\n<li>l\u2019animation du r\u00e9seau des \u00e9tudiants de la formation (anciens, pr\u00e9sents, et futurs)<\/li>\n<li>le d\u00e9veloppement d\u2019activit\u00e9s et de projets li\u00e9s \u00e0 l\u2019environnement ou \u00e0 la formation<\/li>\n<\/ul>\n\n<ul class=\"wp-block-page-list\"><li class=\"wp-block-pages-list__item has-child\"><a class=\"wp-block-pages-list__item__link\" href=\"https:\/\/espace-milieux.fr\/?page_id=149\">Le cursus<\/a><ul class=\"wp-block-navigation__submenu-container\"><li class=\"wp-block-pages-list__item \"><a class=\"wp-block-pages-list__item__link\" href=\"https:\/\/espace-milieux.fr\/?page_id=1018\">Programme des deux M1<\/a><\/li><li class=\"wp-block-pages-list__item \"><a class=\"wp-block-pages-list__item__link\" href=\"https:\/\/espace-milieux.fr\/?page_id=154\">Programme du master 2<\/a><\/li><li class=\"wp-block-pages-list__item \"><a class=\"wp-block-pages-list__item__link\" href=\"https:\/\/espace-milieux.fr\/?page_id=158\">Alternance et Formation continue<\/a><\/li><\/ul><\/li><li class=\"wp-block-pages-list__item menu-item-home\"><a class=\"wp-block-pages-list__item__link\" href=\"https:\/\/espace-milieux.fr\/\">Master Espace et Milieux : Territoires Ecologiques<\/a><\/li><li class=\"wp-block-pages-list__item\"><a class=\"wp-block-pages-list__item__link\" href=\"https:\/\/espace-milieux.fr\/?page_id=156\">Candidature<\/a><\/li><li class=\"wp-block-pages-list__item\"><a class=\"wp-block-pages-list__item__link\" href=\"https:\/\/espace-milieux.fr\/?page_id=1023\">Insertion<\/a><\/li><li class=\"wp-block-pages-list__item\"><a class=\"wp-block-pages-list__item__link\" href=\"https:\/\/espace-milieux.fr\/?page_id=147\">L&rsquo;\u00e9quipe du master<\/a><\/li><li class=\"wp-block-pages-list__item has-child\"><a class=\"wp-block-pages-list__item__link\" href=\"https:\/\/espace-milieux.fr\/?page_id=74\">Expertises Territoriales<\/a><ul class=\"wp-block-navigation__submenu-container\"><li class=\"wp-block-pages-list__item \"><a class=\"wp-block-pages-list__item__link\" href=\"https:\/\/espace-milieux.fr\/?page_id=89\">Liste des expertises<\/a><\/li><\/ul><\/li><li class=\"wp-block-pages-list__item\"><a class=\"wp-block-pages-list__item__link\" href=\"https:\/\/espace-milieux.fr\/?page_id=125\">Activit\u00e9s scientifiques<\/a><\/li><li class=\"wp-block-pages-list__item\"><a class=\"wp-block-pages-list__item__link\" href=\"https:\/\/espace-milieux.fr\/?page_id=99\">Vie du master en images<\/a><\/li><li class=\"wp-block-pages-list__item\"><a class=\"wp-block-pages-list__item__link\" href=\"https:\/\/espace-milieux.fr\/?page_id=183\">Association E&amp;M<\/a><\/li><\/ul>","protected":false},"excerpt":{"rendered":"<p>Association Espace &amp; Milieux : &nbsp; &nbsp; &nbsp; &nbsp; &nbsp; &nbsp; &nbsp; &nbsp; &nbsp; N\u00b0 SIREN&nbsp;502&nbsp;271&nbsp;398 Cr\u00e9\u00e9e en 1986, en m\u00eame temps que le DESS Espace et Milieux qui deviendra ensuite le Master 2 du m\u00eame nom, l&rsquo;Association Espace et Milieux (loi 1901) est g\u00e9r\u00e9e par les \u00e9tudiants&nbsp; (asso.espacemilieux@gmail.com). Elle poss\u00e8de son propre site: https:\/\/assoespacemilieux.wixsite.com\/monsite &hellip; <a href=\"https:\/\/espace-milieux.fr\/?page_id=183\" class=\"more-link\">Continuer la lecture de <span class=\"screen-reader-text\">Association E&#038;M<\/span>  <span class=\"meta-nav\">&rarr;<\/span><\/a><\/p>\n","protected":false},"author":1,"featured_media":0,"parent":0,"menu_order":7,"comment_status":"closed","ping_status":"closed","template":"","meta":{"footnotes":""},"_links":{"self":[{"href":"https:\/\/espace-milieux.fr\/index.php?rest_route=\/wp\/v2\/pages\/183"}],"collection":[{"href":"https:\/\/espace-milieux.fr\/index.php?rest_route=\/wp\/v2\/pages"}],"about":[{"href":"https:\/\/espace-milieux.fr\/index.php?rest_route=\/wp\/v2\/types\/page"}],"author":[{"embeddable":true,"href":"https:\/\/espace-milieux.fr\/index.php?rest_route=\/wp\/v2\/users\/1"}],"replies":[{"embeddable":true,"href":"https:\/\/espace-milieux.fr\/index.php?rest_route=%2Fwp%2Fv2%2Fcomments&post=183"}],"version-history":[{"count":12,"href":"https:\/\/espace-milieux.fr\/index.php?rest_route=\/wp\/v2\/pages\/183\/revisions"}],"predecessor-version":[{"id":1235,"href":"https:\/\/espace-milieux.fr\/index.php?rest_route=\/wp\/v2\/pages\/183\/revisions\/1235"}],"wp:attachment":[{"href":"https:\/\/espace-milieux.fr\/index.php?rest_route=%2Fwp%2Fv2%2Fmedia&parent=183"}],"curies":[{"name":"wp","href":"https:\/\/api.w.org\/{rel}","templated":true}]}}